{"id":4102,"date":"2026-03-16T12:04:34","date_gmt":"2026-03-16T11:04:34","guid":{"rendered":"https:\/\/ilotengo.com\/?post_type=product&#038;p=4102"},"modified":"2026-04-16T12:24:01","modified_gmt":"2026-04-16T10:24:01","slug":"cojin-ortopedico-viscoelastico-ergonomico-w-ilotex-2","status":"publish","type":"product","link":"https:\/\/ilotengo.com\/?product=cojin-ortopedico-viscoelastico-ergonomico-w-ilotex-2","title":{"rendered":"Almohada Cervical Ortop\u00e9dica Viscoel\u00e1stica ILOTEX \u2013 Dise\u00f1o Ergon\u00f3mico Doble Altura con Funda Transpirable (Bamboo)"},"content":{"rendered":"<h1 data-path-to-node=\"16\"><b data-path-to-node=\"16\" data-index-in-node=\"0\">ILOTEX presenta: El secreto para un sue\u00f1o verdaderamente reparador<\/b> \ud83c\udf19\ud83d\udecc<\/h1>\n<p data-path-to-node=\"17\">Pasamos un tercio de nuestra vida durmiendo, \u00bfpor qu\u00e9 conformarse con despertar con dolor? Las almohadas tradicionales fuerzan la curvatura del cuello, provocando tensi\u00f3n muscular, migra\u00f1as y fatiga cr\u00f3nica. En <b data-path-to-node=\"17\" data-index-in-node=\"211\">ILOTEX<\/b> (marca de <b data-path-to-node=\"17\" data-index-in-node=\"228\">ILOTENGO IBERIA S.L.<\/b>), hemos desarrollado la <b data-path-to-node=\"17\" data-index-in-node=\"273\">Almohada Cervical Ortop\u00e9dica Definitiva<\/b>, dise\u00f1ada cient\u00edficamente para cuidar de tu salud mientras sue\u00f1as.<\/p>\n<hr data-path-to-node=\"18\" \/>\n<h3 data-path-to-node=\"19\"><b data-path-to-node=\"19\" data-index-in-node=\"0\">\ud83c\udfaf Alineaci\u00f3n Perfecta de la Columna Vertebral<\/b><\/h3>\n<p data-path-to-node=\"20\">El secreto de un buen descanso est\u00e1 en la postura. Nuestro dise\u00f1o de contorno cervical ofrece un soporte razonable y personalizado que sigue la curva natural de tu cuerpo. Al contar con <b data-path-to-node=\"20\" data-index-in-node=\"186\">dos alturas diferentes<\/b> en sus extremos, puedes elegir la que mejor se adapte a ti, ya sea que duermas de lado o boca arriba. El resultado: cero presi\u00f3n en las v\u00e9rtebras y una alineaci\u00f3n espinal impecable.<\/p>\n<p data-path-to-node=\"21,0\"><img fetchpriority=\"high\" decoding=\"async\" class=\"aligncenter wp-image-4744 size-large\" src=\"https:\/\/ilotengo.com\/wp-content\/uploads\/2026\/04\/ALMOHADA_BANNER_1-595x595.png\" alt=\"\" width=\"595\" height=\"595\" srcset=\"https:\/\/ilotengo.com\/wp-content\/uploads\/2026\/04\/ALMOHADA_BANNER_1-595x595.png 595w, https:\/\/ilotengo.com\/wp-content\/uploads\/2026\/04\/ALMOHADA_BANNER_1-300x300.png 300w, https:\/\/ilotengo.com\/wp-content\/uploads\/2026\/04\/ALMOHADA_BANNER_1-150x150.png 150w, https:\/\/ilotengo.com\/wp-content\/uploads\/2026\/04\/ALMOHADA_BANNER_1-768x768.png 768w, https:\/\/ilotengo.com\/wp-content\/uploads\/2026\/04\/ALMOHADA_BANNER_1-1536x1536.png 1536w, https:\/\/ilotengo.com\/wp-content\/uploads\/2026\/04\/ALMOHADA_BANNER_1-380x380.png 380w, https:\/\/ilotengo.com\/wp-content\/uploads\/2026\/04\/ALMOHADA_BANNER_1-450x450.png 450w, https:\/\/ilotengo.com\/wp-content\/uploads\/2026\/04\/ALMOHADA_BANNER_1-1320x1320.png 1320w, https:\/\/ilotengo.com\/wp-content\/uploads\/2026\/04\/ALMOHADA_BANNER_1-350x350.png 350w, https:\/\/ilotengo.com\/wp-content\/uploads\/2026\/04\/ALMOHADA_BANNER_1-100x100.png 100w, https:\/\/ilotengo.com\/wp-content\/uploads\/2026\/04\/ALMOHADA_BANNER_1.png 2048w\" sizes=\"(max-width: 595px) 100vw, 595px\" \/><\/p>\n<hr data-path-to-node=\"22\" \/>\n<h3 data-path-to-node=\"23\"><b data-path-to-node=\"23\" data-index-in-node=\"0\">\u2601\ufe0f Viscoel\u00e1stica Ecol\u00f3gica de Recuperaci\u00f3n Lenta<\/b><\/h3>\n<p data-path-to-node=\"24\">No todas las espumas son iguales. El n\u00facleo de nuestra almohada est\u00e1 fabricado con viscoel\u00e1stica (Memory Foam) de primera calidad y materias primas respetuosas con el medio ambiente. <b data-path-to-node=\"24\" data-index-in-node=\"183\">Nuestra garant\u00eda ILOTEX:<\/b> Nunca a\u00f1adimos polvos industriales (French chalk) para abaratar costes, asegurando que tu almohada sea 100% segura para el uso humano a largo plazo, reaccionando r\u00e1pidamente a tu temperatura para ofrecer un alivio instant\u00e1neo.<\/p>\n<p data-path-to-node=\"25,0\"><img decoding=\"async\" class=\"aligncenter wp-image-4745 size-large\" src=\"https:\/\/ilotengo.com\/wp-content\/uploads\/2026\/04\/ALMOHADA_BANNER_2-595x595.png\" alt=\"\" width=\"595\" height=\"595\" srcset=\"https:\/\/ilotengo.com\/wp-content\/uploads\/2026\/04\/ALMOHADA_BANNER_2-595x595.png 595w, https:\/\/ilotengo.com\/wp-content\/uploads\/2026\/04\/ALMOHADA_BANNER_2-300x300.png 300w, https:\/\/ilotengo.com\/wp-content\/uploads\/2026\/04\/ALMOHADA_BANNER_2-150x150.png 150w, https:\/\/ilotengo.com\/wp-content\/uploads\/2026\/04\/ALMOHADA_BANNER_2-768x768.png 768w, https:\/\/ilotengo.com\/wp-content\/uploads\/2026\/04\/ALMOHADA_BANNER_2-1536x1536.png 1536w, https:\/\/ilotengo.com\/wp-content\/uploads\/2026\/04\/ALMOHADA_BANNER_2-380x380.png 380w, https:\/\/ilotengo.com\/wp-content\/uploads\/2026\/04\/ALMOHADA_BANNER_2-450x450.png 450w, https:\/\/ilotengo.com\/wp-content\/uploads\/2026\/04\/ALMOHADA_BANNER_2-1320x1320.png 1320w, https:\/\/ilotengo.com\/wp-content\/uploads\/2026\/04\/ALMOHADA_BANNER_2-350x350.png 350w, https:\/\/ilotengo.com\/wp-content\/uploads\/2026\/04\/ALMOHADA_BANNER_2-100x100.png 100w, https:\/\/ilotengo.com\/wp-content\/uploads\/2026\/04\/ALMOHADA_BANNER_2.png 2048w\" sizes=\"(max-width: 595px) 100vw, 595px\" \/><\/p>\n<hr data-path-to-node=\"26\" \/>\n<h3 data-path-to-node=\"27\"><b data-path-to-node=\"27\" data-index-in-node=\"0\">\ud83c\udf2c\ufe0f Tejido 3D Transpirable con Toque de Bamb\u00fa<\/b><\/h3>\n<p data-path-to-node=\"28\">Para un sue\u00f1o profundo, la temperatura es clave. Por eso, hemos recubierto la almohada con una funda exterior con un elegante patr\u00f3n de bamb\u00fa. Su malla interior y tejido microperforado permiten una circulaci\u00f3n de aire constante, evitando la sudoraci\u00f3n nocturna. Adem\u00e1s, cuenta con una <b data-path-to-node=\"28\" data-index-in-node=\"285\">cremallera met\u00e1lica duradera y oculta<\/b> que te permite desenfundarla f\u00e1cilmente para lavarla a m\u00e1quina y mantenerla siempre fresca.<\/p>\n<p data-path-to-node=\"29,0\"><img decoding=\"async\" class=\"aligncenter wp-image-4746 size-large\" src=\"https:\/\/ilotengo.com\/wp-content\/uploads\/2026\/04\/ALMOHADA_BANNER_3-595x595.png\" alt=\"\" width=\"595\" height=\"595\" srcset=\"https:\/\/ilotengo.com\/wp-content\/uploads\/2026\/04\/ALMOHADA_BANNER_3-595x595.png 595w, https:\/\/ilotengo.com\/wp-content\/uploads\/2026\/04\/ALMOHADA_BANNER_3-300x300.png 300w, https:\/\/ilotengo.com\/wp-content\/uploads\/2026\/04\/ALMOHADA_BANNER_3-150x150.png 150w, https:\/\/ilotengo.com\/wp-content\/uploads\/2026\/04\/ALMOHADA_BANNER_3-768x768.png 768w, https:\/\/ilotengo.com\/wp-content\/uploads\/2026\/04\/ALMOHADA_BANNER_3-1536x1536.png 1536w, https:\/\/ilotengo.com\/wp-content\/uploads\/2026\/04\/ALMOHADA_BANNER_3-380x380.png 380w, https:\/\/ilotengo.com\/wp-content\/uploads\/2026\/04\/ALMOHADA_BANNER_3-450x450.png 450w, https:\/\/ilotengo.com\/wp-content\/uploads\/2026\/04\/ALMOHADA_BANNER_3-1320x1320.png 1320w, https:\/\/ilotengo.com\/wp-content\/uploads\/2026\/04\/ALMOHADA_BANNER_3-350x350.png 350w, https:\/\/ilotengo.com\/wp-content\/uploads\/2026\/04\/ALMOHADA_BANNER_3-100x100.png 100w, https:\/\/ilotengo.com\/wp-content\/uploads\/2026\/04\/ALMOHADA_BANNER_3.png 2048w\" sizes=\"(max-width: 595px) 100vw, 595px\" \/><\/p>\n<hr data-path-to-node=\"30\" \/>\n<h3 data-path-to-node=\"31\"><b data-path-to-node=\"31\" data-index-in-node=\"0\">\u2705 \u00bfPor qu\u00e9 elegir la Almohada ILOTEX?<\/b><\/h3>\n<ul>\n<li><b data-path-to-node=\"32,0,0\" data-index-in-node=\"0\">Mejora tu Salud:<\/b> Ideal para combatir el insomnio provocado por malas posturas y reducir ronquidos al abrir las v\u00edas respiratorias.<\/li>\n<li><b data-path-to-node=\"32,1,0\" data-index-in-node=\"0\">Higiene Total:<\/b> Funda lavable y materiales anti\u00e1caros.<\/li>\n<li><b data-path-to-node=\"32,2,0\" data-index-in-node=\"0\">Garant\u00eda ILOTENGO IBERIA S.L.:<\/b> Compras a una empresa espa\u00f1ola que prioriza tu bienestar.<\/li>\n<li><b data-path-to-node=\"32,3,0\" data-index-in-node=\"0\">Env\u00edo desde Espa\u00f1a:<\/b> Recibe tu nueva almohada de forma r\u00e1pida y segura.<\/li>\n<\/ul>\n<p><img loading=\"lazy\" decoding=\"async\" class=\"size-full wp-image-4097 aligncenter\" src=\"https:\/\/ilotengo.com\/wp-content\/uploads\/2026\/03\/ilotext-brand.png\" alt=\"\" width=\"170\" height=\"130\" srcset=\"https:\/\/ilotengo.com\/wp-content\/uploads\/2026\/03\/ilotext-brand.png 170w, https:\/\/ilotengo.com\/wp-content\/uploads\/2026\/03\/ilotext-brand-150x115.png 150w\" sizes=\"(max-width: 170px) 100vw, 170px\" \/><\/p>\n","protected":false},"excerpt":{"rendered":"<p data-path-to-node=\"11\"><b data-path-to-node=\"11\" data-index-in-node=\"0\">\u00a1Despierta cada ma\u00f1ana sin dolor de cuello y con energ\u00eda renovada!<\/b> \ud83d\ude34\u2728<\/p>\n<p data-path-to-node=\"12\">Presentada por <b data-path-to-node=\"12\" data-index-in-node=\"15\">ILOTEX<\/b>, esta almohada ortop\u00e9dica de espuma viscoel\u00e1stica es tu aliada perfecta para un descanso profundo y reparador. Su dise\u00f1o anat\u00f3mico contorneado se adapta a la curva natural de tu cabeza y cuello, garantizando una alineaci\u00f3n perfecta de la columna vertebral. Fabricada con espuma de memoria de alta densidad y recubierta por una funda premium extrasuave y transpirable con detalles de bamb\u00fa.<\/p>\n<ul>\n<li data-path-to-node=\"13,0,0\">\ud83e\ude7a <b data-path-to-node=\"13,0,0\" data-index-in-node=\"3\">Alivio Cervical:<\/b> Reduce puntos de presi\u00f3n, tensiones musculares y dolores de cuello u hombros.<\/li>\n<li data-path-to-node=\"13,1,0\">\ud83e\uddec <b data-path-to-node=\"13,1,0\" data-index-in-node=\"3\">Dise\u00f1o Ergon\u00f3mico:<\/b> Contorno especial con <b data-path-to-node=\"13,1,0\" data-index-in-node=\"44\">dos alturas diferentes<\/b> para adaptarse a tu postura (boca arriba o de lado).<\/li>\n<li data-path-to-node=\"13,2,0\">\u2601\ufe0f <b data-path-to-node=\"13,2,0\" data-index-in-node=\"3\">Viscoel\u00e1stica Pura:<\/b> N\u00facleo de alta densidad de rebote lento, sin aditivos t\u00f3xicos.<\/li>\n<li data-path-to-node=\"13,3,0\">\ud83c\udf2c\ufe0f <b data-path-to-node=\"13,3,0\" data-index-in-node=\"4\">Funda Premium \u00abBamboo\u00bb:<\/b> Tejido microperforado en 3D, ultrasuave, transpirable y lavable.<\/li>\n<li data-path-to-node=\"13,4,0\">\ud83c\uddea\ud83c\uddf8 <b data-path-to-node=\"13,4,0\" data-index-in-node=\"5\">Calidad Garantizada:<\/b> Producto certificado por ILOTENGO IBERIA S.L. con env\u00edo r\u00e1pido desde Espa\u00f1a.<\/li>\n<\/ul>\n","protected":false},"featured_media":4747,"comment_status":"open","ping_status":"closed","template":"","meta":[],"product_brand":[198,205],"product_cat":[196,206],"product_tag":[258,260,264,261,259,224,263,262],"class_list":{"0":"post-4102","1":"product","2":"type-product","3":"status-publish","4":"has-post-thumbnail","6":"product_brand-ilotengo-iberia","7":"product_brand-ilotex","8":"product_cat-bienestar-y-salud","9":"product_cat-cojines","10":"product_tag-almohada-cervical-viscoelastica","11":"product_tag-almohada-dolor-cervical","12":"product_tag-almohada-dormir-de-lado","13":"product_tag-almohada-ergonomica-bambu","14":"product_tag-almohada-ortopedica-cuello","15":"product_tag-ilotengo","16":"product_tag-ilotex","17":"product_tag-memory-foam-premium","19":"first","20":"instock","21":"featured","22":"shipping-taxable","23":"purchasable","24":"product-type-variable"},"jetpack_sharing_enabled":true,"_links":{"self":[{"href":"https:\/\/ilotengo.com\/index.php?rest_route=\/wp\/v2\/product\/4102","targetHints":{"allow":["GET"]}}],"collection":[{"href":"https:\/\/ilotengo.com\/index.php?rest_route=\/wp\/v2\/product"}],"about":[{"href":"https:\/\/ilotengo.com\/index.php?rest_route=\/wp\/v2\/types\/product"}],"replies":[{"embeddable":true,"href":"https:\/\/ilotengo.com\/index.php?rest_route=%2Fwp%2Fv2%2Fcomments&post=4102"}],"wp:featuredmedia":[{"embeddable":true,"href":"https:\/\/ilotengo.com\/index.php?rest_route=\/wp\/v2\/media\/4747"}],"wp:attachment":[{"href":"https:\/\/ilotengo.com\/index.php?rest_route=%2Fwp%2Fv2%2Fmedia&parent=4102"}],"wp:term":[{"taxonomy":"product_brand","embeddable":true,"href":"https:\/\/ilotengo.com\/index.php?rest_route=%2Fwp%2Fv2%2Fproduct_brand&post=4102"},{"taxonomy":"product_cat","embeddable":true,"href":"https:\/\/ilotengo.com\/index.php?rest_route=%2Fwp%2Fv2%2Fproduct_cat&post=4102"},{"taxonomy":"product_tag","embeddable":true,"href":"https:\/\/ilotengo.com\/index.php?rest_route=%2Fwp%2Fv2%2Fproduct_tag&post=4102"}],"curies":[{"name":"wp","href":"https:\/\/api.w.org\/{rel}","templated":true}]}}