{"id":9667,"date":"2026-04-17T11:47:31","date_gmt":"2026-04-17T09:47:31","guid":{"rendered":"https:\/\/ilotengo.com\/?product=mochila-valencia-basket-doble-adaptable-carro-azul-naranja"},"modified":"2026-04-20T12:25:22","modified_gmt":"2026-04-20T10:25:22","slug":"mochila-valencia-basket-doble-adaptable-carro-azul-naranja","status":"publish","type":"product","link":"https:\/\/ilotengo.com\/?product=mochila-valencia-basket-doble-adaptable-carro-azul-naranja","title":{"rendered":"Mochila Valencia Basket Doble Adaptable Carro Azul\/Naranja"},"content":{"rendered":"<h1 data-path-to-node=\"15\"><b data-path-to-node=\"15\" data-index-in-node=\"0\">SuperMochilas presenta: \u00abMochila Valencia Basket Doble Adaptable Carro Azul\/Naranja\u00bb<\/b><\/h1>\n<p data-path-to-node=\"16\">\u00a1Lleva tu pasi\u00f3n por el Valencia Basket al instituto con esta mochila juvenil! \ud83c\udfc0\ud83e\udde1<br \/>\nDise\u00f1ada para resistir el ritmo diario, es adaptable a carro y s\u00faper espaciosa. \u00a1La compa\u00f1era perfecta! <br \/>En <b data-path-to-node=\"16\" data-index-in-node=\"114\">SuperMochilas<\/b> (marca de ILOTENGO IBERIA S.L.), hemos seleccionado este modelo por su <b data-path-to-node=\"16\" data-index-in-node=\"199\">calidad y resistencia<\/b> excepcionales.<\/p>\n<hr data-path-to-node=\"17\" \/>\n<h3 data-path-to-node=\"18\"><b data-path-to-node=\"18\" data-index-in-node=\"0\">Pasi\u00f3n Valencia Basket<\/b><\/h3>\n<p data-path-to-node=\"19\">\u00a1Haz que tu pasi\u00f3n por el Valencia Basket te acompa\u00f1e a todas partes con esta incre\u00edble Mochila Doble! \ud83e\udde1\ud83c\udfc0 Dise\u00f1ada pensando en el d\u00eda a d\u00eda de los j\u00f3venes aficionados, combina a la perfecci\u00f3n el esp\u00edritu de tu equipo favorito con la funcionalidad y resistencia que necesitas para el instituto, las actividades extraescolares o cualquier aventura urbana.<\/p>\n<hr data-path-to-node=\"20\" \/>\n<h3 data-path-to-node=\"21\"><b data-path-to-node=\"21\" data-index-in-node=\"0\">Durabilidad Extrema SAFTA<\/b><\/h3>\n<p data-path-to-node=\"22\">Sabemos lo exigente que puede ser tu ritmo, por eso esta mochila est\u00e1 fabricada con resistente Poli\u00e9ster y cuenta con la innovadora protecci\u00f3n PATENTADA SAFTA: cantoneras de goma antirozaduras en ambos lados. \u00a1Una garant\u00eda extra de durabilidad para que tu mochila luzca impecable por m\u00e1s tiempo, resistiendo el trote y el roce diario!<\/p>\n<hr data-path-to-node=\"23\" \/>\n<h3 data-path-to-node=\"24\"><b data-path-to-node=\"24\" data-index-in-node=\"0\">Espacio y Organizaci\u00f3n<\/b><\/h3>\n<p data-path-to-node=\"25\">Organizar tus cosas nunca fue tan f\u00e1cil. Con sus dos amplios departamentos principales con cremallera, tendr\u00e1s espacio de sobra para libros, cuadernos o tu equipaci\u00f3n deportiva. Adem\u00e1s, sus dobles bolsillos frontales incorporan un pr\u00e1ctico organizador interior para que lleves tus bol\u00edgrafos, m\u00f3vil y otros objetos peque\u00f1os siempre a mano y en orden. \u00bfNecesitas hidratarte? Su bolsillo lateral portabotellas es el detalle perfecto.<\/p>\n<hr data-path-to-node=\"26\" \/>\n<h3 data-path-to-node=\"27\"><b data-path-to-node=\"27\" data-index-in-node=\"0\">Comodidad Ergon\u00f3mica Asegurada<\/b><\/h3>\n<p data-path-to-node=\"28\">La comodidad es clave. Por ello, las hombreras y la espalda han sido dise\u00f1adas ergon\u00f3micamente y est\u00e1n acolchadas para distribuir el peso de manera uniforme, protegiendo tu espalda incluso en los d\u00edas de carga m\u00e1s pesada. Su asa de mano forrada en la parte superior te ofrece un agarre c\u00f3modo y seguro cuando necesitas levantarla o colgarla.<\/p>\n<hr data-path-to-node=\"29\" \/>\n<h3 data-path-to-node=\"30\"><b data-path-to-node=\"30\" data-index-in-node=\"0\">Adaptable y Pr\u00e1ctica<\/b><\/h3>\n<p data-path-to-node=\"31\">\u00bfCansado de cargar peso? \u00a1No hay problema! Esta mochila es totalmente adaptable a carro portamochilas, transform\u00e1ndose en tu compa\u00f1era de viaje ideal con ruedas. Adem\u00e1s, todos los compartimentos principales cuentan con doble tirador en las cremalleras para facilitar una apertura r\u00e1pida y sin esfuerzo, ahorr\u00e1ndote tiempo en tu d\u00eda a d\u00eda.<\/p>\n<hr data-path-to-node=\"32\" \/>\n<h3 data-path-to-node=\"33\"><b data-path-to-node=\"33\" data-index-in-node=\"0\">Dimensiones y Calidad<\/b><\/h3>\n<p data-path-to-node=\"34\">Con unas dimensiones compactas de 11.71 cm (largo) x 24.44 cm (ancho) x 26.62 cm (alto) y un peso ligero de solo 840 gramos, esta mochila combina capacidad con un dise\u00f1o manejable. Disponible en los vibrantes colores AZUL y NARANJA, es el complemento perfecto para cualquier fan. Este producto est\u00e1 distribuido por SuperMochilas, tu tienda de confianza, garantizando la m\u00e1xima calidad de la mano de SAFTA. \u00a1Consigue la tuya y vive la pasi\u00f3n taronja!<\/p>\n<hr data-path-to-node=\"38\n\n\n<h3 data-path-to-node=\"38\"><b data-path-to-node=\"38\" data-index-in-node=\"0\">Especificaciones T\u00e9cnicas<\/b><\/h3>\n<table data-path-to-node=\"38\">\n<thead>\n<tr>\n<td><strong>Caracter\u00edstica<\/strong><\/td>\n<td><strong>Detalle T\u00e9cnico<\/strong><\/td>\n<\/tr>\n<\/thead>\n<tbody>\n<tr>\n<td><span data-path-to-node=\"38,1,0,0\"><b data-path-to-node=\"38,1,0,0\" data-index-in-node=\"0\">Modelo<\/b><\/span><\/td>\n<td><span data-path-to-node=\"38,1,1,0\"><b data-path-to-node=\"38,1,1,0\" data-index-in-node=\"0\">Valencia Basket<\/b><\/span><\/td>\n<\/tr>\n<tr>\n<td><span data-path-to-node=\"38,2,0,0\"><b data-path-to-node=\"38,2,0,0\" data-index-in-node=\"0\">Marca<\/b><\/span><\/td>\n<td><span data-path-to-node=\"38,2,1,0\"><b data-path-to-node=\"38,2,1,0\" data-index-in-node=\"0\">Valencia > Valencia Basket<\/b><\/span><\/td>\n<\/tr>\n<tr>\n<td><span data-path-to-node=\"38,3,0,0\"><b data-path-to-node=\"38,3,0,0\" data-index-in-node=\"0\">Dimensiones<\/b><\/span><\/td>\n<td><span data-path-to-node=\"38,3,1,0\"><b data-path-to-node=\"38,3,1,0\" data-index-in-node=\"0\">24.44&#215;26.62&#215;11.71 cm<\/b><\/span><\/td>\n<\/tr>\n<tr>\n<td><span data-path-to-node=\"38,4,0,0\"><b data-path-to-node=\"38,4,0,0\" data-index-in-node=\"0\">Peso<\/b><\/span><\/td>\n<td><span data-path-to-node=\"38,4,1,0\"><b data-path-to-node=\"38,4,1,0\" data-index-in-node=\"0\">840.0<\/b><\/span><\/td>\n<\/tr>\n<tr>\n<td><span data-path-to-node=\"38,5,0,0\"><b data-path-to-node=\"38,5,0,0\" data-index-in-node=\"0\">Colores<\/b><\/span><\/td>\n<td><span data-path-to-node=\"38,5,1,0\"><b data-path-to-node=\"38,5,1,0\" data-index-in-node=\"0\">AZUL<\/b><\/span><\/td>\n<\/tr>\n<tr>\n<td><span data-path-to-node=\"38,6,0,0\"><b data-path-to-node=\"38,6,0,0\" data-index-in-node=\"0\">Materiales<\/b><\/span><\/td>\n<td><span data-path-to-node=\"38,6,1,0\"><b data-path-to-node=\"38,6,1,0\" data-index-in-node=\"0\">Poli\u00e9ster<\/b><\/span><\/td>\n<\/tr>\n<tr>\n<td><span data-path-to-node=\"38,7,0,0\"><b data-path-to-node=\"38,7,0,0\" data-index-in-node=\"0\">Fabricante<\/b><\/span><\/td>\n<td><span data-path-to-node=\"38,7,1,0\"><b data-path-to-node=\"38,7,1,0\" data-index-in-node=\"0\">SAFTA<\/b><\/span><\/td>\n<\/tr>\n<\/tbody>\n<\/table>\n<hr data-path-to-node=\"39\n\n\n\n<h3 data-path-to-node=\"40\"><b data-path-to-node=\"40\" data-index-in-node=\"0\">\u2705 \u00bfPor qu\u00e9 elegir SuperMochilas?<\/b><\/h3>\n<ul>\n<li data-path-to-node=\"41,0,0\"><b data-path-to-node=\"41,0,0\" data-index-in-node=\"0\">Garant\u00eda ILOTENGO IBERIA S.L.:<\/b> Respaldo de una empresa espa\u00f1ola l\u00edder en calidad y servicio.<\/li>\n<li data-path-to-node=\"42,1,0\"><b data-path-to-node=\"42,1,0\" data-index-in-node=\"0\">Calidad Garantizada:<\/b> Productos Oficiales y de Calidad.<\/li>\n<li data-path-to-node=\"43,2,0\"><b data-path-to-node=\"43,2,0\" data-index-in-node=\"0\">Mantenimiento Sencillo:<\/b> Materiales de alta gama preparado para <b data-path-to-node=\"43,2,0\" data-index-in-node=\"59\">lavado a mano<\/b>, manteniendo sus propiedades originales por m\u00e1s tiempo.<\/li>\n<li data-path-to-node=\"44,3,0\"><b data-path-to-node=\"44,3,0\" data-index-in-node=\"0\">Env\u00edo desde Espa\u00f1a:<\/b> Recibe tu producto oficial de forma r\u00e1pida y segura, con la confianza de SuperMochilas.<\/li>\n<\/ul>\n<p><img decoding=\"async\" class=\"aligncenter wp-image-4093 size-full\" src=\"https:\/\/ilotengo.com\/wp-content\/uploads\/2026\/03\/supermochilas-brand.png\" alt=\"\" width=\"170\" height=\"130\" srcset=\"https:\/\/ilotengo.com\/wp-content\/uploads\/2026\/03\/supermochilas-brand.png 170w, https:\/\/ilotengo.com\/wp-content\/uploads\/2026\/03\/supermochilas-brand-150x115.png 150w\" sizes=\"(max-width: 170px) 100vw, 170px\" \/><\/p>\n","protected":false},"excerpt":{"rendered":"<p data-path-to-node=\"10\"><b data-path-to-node=\"10\" data-index-in-node=\"0\">\u00a1Lleva tu pasi\u00f3n por el Valencia Basket al instituto con esta mochila juvenil! \ud83c\udfc0\ud83e\udde1<br \/>\nDise\u00f1ada para resistir el ritmo diario, es adaptable a carro y s\u00faper espaciosa. \u00a1La compa\u00f1era perfecta!<\/b><\/p>\n<ul>\n<li data-path-to-node=\"12,0,0\">\u2705 <b data-path-to-node=\"12,0,0\" data-index-in-node=\"2\">Licencia Oficial:<\/b> Producto Oficial.<\/li>\n<li data-path-to-node=\"12,3,0\">\ud83d\udccf <b data-path-to-node=\"12,3,0\" data-index-in-node=\"3\">Dimensiones:<\/b> <b data-path-to-node=\"12,3,0\" data-index-in-node=\"34\">\u00ab24.44&#215;26.62&#215;11.71 cm\u00bb<\/b><\/li>\n<li data-path-to-node=\"12,3,0\">\u2696\ufe0f <b data-path-to-node=\"12,3,0\" data-index-in-node=\"3\">Peso:<\/b> <b data-path-to-node=\"12,3,0\" data-index-in-node=\"34\">840.0 g<\/b><\/li>\n<li data-path-to-node=\"12,4,0\">\ud83d\udee1\ufe0f <b data-path-to-node=\"12,4,0\" data-index-in-node=\"4\">Garant\u00eda Total:<\/b> Garant\u00eda de <b data-path-to-node=\"12,4,0\" data-index-in-node=\"34\">ILOTENGO IBERIA S.L.<\/b><\/li>\n<li data-path-to-node=\"11,4,0\">\ud83c\uddea\ud83c\uddf8 <b data-path-to-node=\"11,4,0\" data-index-in-node=\"5\">Env\u00edo R\u00e1pido:<\/b> Directo desde nuestro almac\u00e9n en Espa\u00f1a. <b data-path-to-node=\"11,4,0\" data-index-in-node=\"34\">(24-48 H)<\/b><\/li>\n<\/ul>\n","protected":false},"featured_media":9666,"comment_status":"open","ping_status":"closed","template":"","meta":{"jetpack_post_was_ever_published":false,"jetpack_publicize_message":"","jetpack_publicize_feature_enabled":true,"jetpack_social_post_already_shared":false,"jetpack_social_options":{"image_generator_settings":{"template":"highway","default_image_id":0,"font":"","enabled":false},"version":2}},"product_cat":[1765],"product_tag":[2186],"class_list":{"0":"post-9667","1":"product","2":"type-product","3":"status-publish","4":"has-post-thumbnail","6":"product_brand-ilotengo-iberia","7":"product_brand-supermochilas","8":"product_brand-valencia-basket","9":"product_cat-mochila-juvenil","10":"product_tag-mochila-valencia-valencia-basket","11":"pa_brand-ilotengo-iberia","12":"pa_brand-supermochilas","13":"pa_brand-valencia-basket","15":"first","16":"instock","17":"sale","18":"shipping-taxable","19":"purchasable","20":"product-type-simple"},"jetpack_publicize_connections":[],"jetpack_sharing_enabled":true,"jetpack_likes_enabled":true,"_links":{"self":[{"href":"https:\/\/ilotengo.com\/index.php?rest_route=\/wp\/v2\/product\/9667","targetHints":{"allow":["GET"]}}],"collection":[{"href":"https:\/\/ilotengo.com\/index.php?rest_route=\/wp\/v2\/product"}],"about":[{"href":"https:\/\/ilotengo.com\/index.php?rest_route=\/wp\/v2\/types\/product"}],"replies":[{"embeddable":true,"href":"https:\/\/ilotengo.com\/index.php?rest_route=%2Fwp%2Fv2%2Fcomments&post=9667"}],"wp:featuredmedia":[{"embeddable":true,"href":"https:\/\/ilotengo.com\/index.php?rest_route=\/wp\/v2\/media\/9666"}],"wp:attachment":[{"href":"https:\/\/ilotengo.com\/index.php?rest_route=%2Fwp%2Fv2%2Fmedia&parent=9667"}],"wp:term":[{"taxonomy":"product_cat","embeddable":true,"href":"https:\/\/ilotengo.com\/index.php?rest_route=%2Fwp%2Fv2%2Fproduct_cat&post=9667"},{"taxonomy":"product_tag","embeddable":true,"href":"https:\/\/ilotengo.com\/index.php?rest_route=%2Fwp%2Fv2%2Fproduct_tag&post=9667"}],"curies":[{"name":"wp","href":"https:\/\/api.w.org\/{rel}","templated":true}]}}